{"id":16067,"date":"2016-10-11T15:57:00","date_gmt":"2016-10-11T13:57:00","guid":{"rendered":"https:\/\/chromstahl.de\/?page_id=16067"},"modified":"2026-01-05T14:08:12","modified_gmt":"2026-01-05T13:08:12","slug":"impressum","status":"publish","type":"page","link":"https:\/\/chromstahl.de\/?page_id=16067","title":{"rendered":"Impressum"},"content":{"rendered":"<p>[vc_row row_type=&#8220;row&#8220; use_row_as_full_screen_section=&#8220;no&#8220; type=&#8220;grid&#8220; angled_section=&#8220;no&#8220; text_align=&#8220;left&#8220; background_image_as_pattern=&#8220;without_pattern&#8220; background_color=&#8220;#ffffff&#8220; padding_top=&#8220;90&#8243; padding_bottom=&#8220;100&#8243; css_animation=&#8220;&#8220;][vc_column width=&#8220;2\/3&#8243;][vc_column_text]<\/p>\n<h2>Impressum<\/h2>\n<p>[\/vc_column_text][vc_column_text]<\/p>\n<h6><b>Angaben gem\u00e4\u00df \u00a7\u00a7 5, 6 DDG<\/b><\/h6>\n<p>[\/vc_column_text][vc_separator type=&#8220;transparent&#8220; up=&#8220;0&#8243; down=&#8220;25&#8243;][vc_column_text]<\/p>\n<h5>ChromStahl Stahl- und Metallhandel GmbH<\/h5>\n<p>Molkereistra\u00dfe\u00a069<\/p>\n<p>30826 Garbsen<\/p>\n<p>&nbsp;<\/p>\n<h5>Vertreten durch<\/h5>\n<p>Gesch\u00e4ftsf\u00fchrer: Nicolas Martin<\/p>\n<p>&nbsp;<\/p>\n<h5>Kontakt<\/h5>\n<p><span data-type=\"normal\"  class=\"qode_icon_shortcode  q_font_awsome_icon fa-1x pull-left \" style=\" \"><i class=\"qode_icon_font_awesome fa fa-phone qode_icon_element\" style=\"\" ><\/i><\/span> +49 (0) 5131 \/ 7059 &#8211; 0<br \/>\n<span data-type=\"normal\"  class=\"qode_icon_shortcode  q_font_awsome_icon fa-1x pull-left \" style=\" \"><i class=\"qode_icon_font_awesome fa fa-fax qode_icon_element\" style=\"\" ><\/i><\/span> +49 (0) 5131 \/ 7059 &#8211; 200<br \/>\n<span data-type=\"normal\"  class=\"qode_icon_shortcode  q_font_awsome_icon fa-1x pull-left \" style=\" \"><i class=\"qode_icon_font_awesome fa fa-envelope qode_icon_element\" style=\"\" ><\/i><\/span> <a href=\"mailto:info@chromstahl.de\">info@chromstahl.de<\/a><\/p>\n<p>&nbsp;<\/p>\n<h5>Registereintrag<\/h5>\n<p>Eintragung im Handelsregister<br \/>\nRegistergericht: Hannover<br \/>\nRegisternummer: HRB 110823<\/p>\n<p>&nbsp;<\/p>\n<h5>Umsatzsteuer-ID<\/h5>\n<p>Umsatzsteuer-Identifikationsnummer gem\u00e4\u00df \u00a727 a Umsatzsteuergesetz: DE812880492<\/p>\n<p>&nbsp;<\/p>\n<p><span id=\"stacks_in_608_page16\">Gerichtsstand Hannover<\/span>[\/vc_column_text][vc_separator type=&#8220;small&#8220; position=&#8220;left&#8220; color=&#8220;#ff0000&#8243; thickness=&#8220;2&#8243; up=&#8220;35&#8243; down=&#8220;90&#8243;][vc_column_text]<\/p>\n<h2>Haftungsausschluss (Disclaimer)<\/h2>\n<p>[\/vc_column_text][vc_separator type=&#8220;transparent&#8220; up=&#8220;0&#8243; down=&#8220;25&#8243;][vc_column_text]<\/p>\n<h5>Haftung f\u00fcr Inhalte<\/h5>\n<p>Als Diensteanbieter sind wir gem\u00e4\u00df \u00a7 7 Abs.1 TMG f\u00fcr eigene Inhalte auf diesen Seiten nach den allgemeinen Gesetzen verantwortlich. Nach \u00a7\u00a7 8 bis 10 TMG sind wir als Diensteanbieter jedoch nicht verpflichtet, \u00fcbermittelte oder gespeicherte fremde Informationen zu \u00fcberwachen oder nach Umst\u00e4nden zu forschen, die auf eine rechtswidrige T\u00e4tigkeit hinweisen. Verpflichtungen zur Entfernung oder Sperrung der Nutzung von Informationen nach den allgemeinen Gesetzen bleiben hiervon unber\u00fchrt. Eine diesbez\u00fcgliche Haftung ist jedoch erst ab dem Zeitpunkt der Kenntnis einer konkreten Rechtsverletzung m\u00f6glich. Bei Bekanntwerden von entsprechenden Rechtsverletzungen werden wir diese Inhalte umgehend entfernen.<\/p>\n<p>&nbsp;<\/p>\n<h5>Haftung f\u00fcr Links<\/h5>\n<p>Unser Angebot enth\u00e4lt Links zu externen Webseiten Dritter, auf deren Inhalte wir keinen Einfluss haben. Deshalb k\u00f6nnen wir f\u00fcr diese fremden Inhalte auch keine Gew\u00e4hr \u00fcbernehmen. F\u00fcr die Inhalte der verlinkten Seiten ist stets der jeweilige Anbieter oder Betreiber der Seiten verantwortlich. Die verlinkten Seiten wurden zum Zeitpunkt der Verlinkung auf m\u00f6gliche Rechtsverst\u00f6\u00dfe \u00fcberpr\u00fcft. Rechtswidrige Inhalte waren zum Zeitpunkt der Verlinkung nicht erkennbar. Eine permanente inhaltliche Kontrolle der verlinkten Seiten ist jedoch ohne konkrete Anhaltspunkte einer Rechtsverletzung nicht zumutbar. Bei Bekanntwerden von Rechtsverletzungen werden wir derartige Links umgehend entfernen.<\/p>\n<p>&nbsp;<\/p>\n<h5>Urheberrecht<\/h5>\n<p>Die durch die Seitenbetreiber erstellten Inhalte und Werke auf diesen Seiten unterliegen dem deutschen Urheberrecht. Die Vervielf\u00e4ltigung, Bearbeitung, Verbreitung und jede Art der Verwertung au\u00dferhalb der Grenzen des Urheberrechtes bed\u00fcrfen der schriftlichen Zustimmung des jeweiligen Autors bzw. Erstellers. Downloads und Kopien dieser Seite sind nur f\u00fcr den privaten, nicht kommerziellen Gebrauch gestattet. Soweit die Inhalte auf dieser Seite nicht vom Betreiber erstellt wurden, werden die Urheberrechte Dritter beachtet. Insbesondere werden Inhalte Dritter als solche gekennzeichnet. Sollten Sie trotzdem auf eine Urheberrechtsverletzung aufmerksam werden, bitten wir um einen entsprechenden Hinweis. Bei Bekanntwerden von Rechtsverletzungen werden wir derartige Inhalte umgehend entfernen.[\/vc_column_text][vc_separator type=&#8220;small&#8220; position=&#8220;left&#8220; color=&#8220;#ff0000&#8243; thickness=&#8220;2&#8243; up=&#8220;35&#8243;][\/vc_column][vc_column width=&#8220;1\/3&#8243;][vc_single_image image=&#8220;17190&#8243; img_size=&#8220;medium&#8220; qode_css_animation=&#8220;&#8220;][vc_single_image image=&#8220;17408&#8243; img_size=&#8220;medium&#8220; qode_css_animation=&#8220;&#8220;][\/vc_column][\/vc_row]<\/p>\n","protected":false},"excerpt":{"rendered":"<p>[vc_row row_type=&#8220;row&#8220; use_row_as_full_screen_section=&#8220;no&#8220; type=&#8220;grid&#8220; angled_section=&#8220;no&#8220; text_align=&#8220;left&#8220; background_image_as_pattern=&#8220;without_pattern&#8220; background_color=&#8220;#ffffff&#8220; padding_top=&#8220;90&#8243; padding_bottom=&#8220;100&#8243; css_animation=&#8220;&#8220;][vc_column width=&#8220;2\/3&#8243;][vc_column_text] Impressum [\/vc_column_text][vc_column_text] Angaben gem\u00e4\u00df \u00a7\u00a7 5, 6 DDG [\/vc_column_text][vc_separator type=&#8220;transparent&#8220; up=&#8220;0&#8243; down=&#8220;25&#8243;][vc_column_text] ChromStahl Stahl- und Metallhandel GmbH Molkereistra\u00dfe\u00a069 30826 Garbsen &nbsp; Vertreten durch Gesch\u00e4ftsf\u00fchrer: Nicolas Martin &nbsp; Kontakt +49 (0) 5131 \/ 7059&#8230;<\/p>\n","protected":false},"author":4,"featured_media":0,"parent":0,"menu_order":0,"comment_status":"open","ping_status":"open","template":"full_width.php","meta":[],"_links":{"self":[{"href":"https:\/\/chromstahl.de\/index.php?rest_route=\/wp\/v2\/pages\/16067"}],"collection":[{"href":"https:\/\/chromstahl.de\/index.php?rest_route=\/wp\/v2\/pages"}],"about":[{"href":"https:\/\/chromstahl.de\/index.php?rest_route=\/wp\/v2\/types\/page"}],"author":[{"embeddable":true,"href":"https:\/\/chromstahl.de\/index.php?rest_route=\/wp\/v2\/users\/4"}],"replies":[{"embeddable":true,"href":"https:\/\/chromstahl.de\/index.php?rest_route=%2Fwp%2Fv2%2Fcomments&post=16067"}],"version-history":[{"count":11,"href":"https:\/\/chromstahl.de\/index.php?rest_route=\/wp\/v2\/pages\/16067\/revisions"}],"predecessor-version":[{"id":17409,"href":"https:\/\/chromstahl.de\/index.php?rest_route=\/wp\/v2\/pages\/16067\/revisions\/17409"}],"wp:attachment":[{"href":"https:\/\/chromstahl.de\/index.php?rest_route=%2Fwp%2Fv2%2Fmedia&parent=16067"}],"curies":[{"name":"wp","href":"https:\/\/api.w.org\/{rel}","templated":true}]}}