{"id":15955,"date":"2016-10-10T11:42:13","date_gmt":"2016-10-10T09:42:13","guid":{"rendered":"https:\/\/chromstahl.de\/?page_id=15955"},"modified":"2024-09-12T09:27:21","modified_gmt":"2024-09-12T07:27:21","slug":"edelstahlprodukte","status":"publish","type":"page","link":"https:\/\/chromstahl.de\/?page_id=15955","title":{"rendered":"Edelstahlprodukte"},"content":{"rendered":"<p>[vc_row row_type=&#8220;row&#8220; use_row_as_full_screen_section=&#8220;no&#8220; type=&#8220;grid&#8220; angled_section=&#8220;no&#8220; text_align=&#8220;left&#8220; background_image_as_pattern=&#8220;without_pattern&#8220; background_color=&#8220;#ffffff&#8220; padding_top=&#8220;90&#8243; padding_bottom=&#8220;35&#8243; css_animation=&#8220;&#8220;][vc_column][vc_column_text]<\/p>\n<h2>Edelstahlbleche | Rutschhemmend | Strukturiert | Mustergewalzt<\/h2>\n<h2>| Geschliffen | Gepr\u00e4gt | Dessiniert<\/h2>\n<p>[\/vc_column_text][\/vc_column][\/vc_row][vc_row row_type=&#8220;row&#8220; use_row_as_full_screen_section=&#8220;no&#8220; type=&#8220;grid&#8220; angled_section=&#8220;no&#8220; text_align=&#8220;left&#8220; background_image_as_pattern=&#8220;without_pattern&#8220; background_color=&#8220;#ffffff&#8220; padding_top=&#8220;0&#8243; padding_bottom=&#8220;35&#8243; css_animation=&#8220;&#8220; el_class=&#8220;product&#8220;][vc_column width=&#8220;1\/2&#8243;][vc_single_image image=&#8220;16407&#8243; img_size=&#8220;full&#8220; alignment=&#8220;center&#8220; qode_css_animation=&#8220;element_from_bottom&#8220;][vc_column_text css=&#8220;.vc_custom_1478618655024{padding-top: 15px !important;padding-right: 20px !important;padding-bottom: 20px !important;padding-left: 20px !important;background-color: #f4f4f4 !important;}&#8220;]<\/p>\n<h2>2B \/ 2R \/ 1D<\/h2>\n<hr \/>\n<h5>Oberfl\u00e4chen<\/h5>\n<p>Schleifen bis 20 mm Dicke | Korn 36 &#8211; Korn 600 | geb\u00fcrstet \/ duplo<\/p>\n<hr \/>\n<h5>Werkstoffe<\/h5>\n<p>1.4016 | 1.4509 | 1.4301 | 1.4541 | 1.4571 | 1.4404<\/p>\n<hr \/>\n<h5>Formate<\/h5>\n<p style=\"text-align: justify;\">1000 x 2000 mm<\/p>\n<p style=\"text-align: justify;\">1000 x 3000 mm<br \/>\n1000 x 4000 mm<\/p>\n<p style=\"text-align: justify;\">1250 x 2500 mm<br \/>\n1250 x 3000 mm<br \/>\n1250 x 4000 mm<\/p>\n<p style=\"text-align: justify;\">1500 x 3000 mm<br \/>\n1500 x 4000 mm<br \/>\n2000 x 4000 mm<\/p>\n<hr \/>\n<h5>Maximall\u00e4nge<\/h5>\n<p>4000 mm<\/p>\n<hr \/>\n<h5>Materialdicken<\/h5>\n<p>0,30 mm &#8211; 20,00 mm<\/p>\n<hr \/>\n<h5>Muster<\/h5>\n<p>hochglanzpoliert | marmoriert | Karo | Leder | Leinen | Raute\u00a0| Mandorla[\/vc_column_text][vc_separator type=&#8220;transparent&#8220; up=&#8220;0&#8243; down=&#8220;35&#8243;][\/vc_column][vc_column width=&#8220;1\/2&#8243;][vc_row_inner row_type=&#8220;row&#8220; type=&#8220;full_width&#8220; text_align=&#8220;left&#8220; css_animation=&#8220;&#8220;][vc_column_inner width=&#8220;1\/2&#8243;][vc_single_image image=&#8220;17126&#8243; img_size=&#8220;full&#8220; alignment=&#8220;center&#8220; onclick=&#8220;link_image&#8220; qode_css_animation=&#8220;element_from_bottom&#8220; qode_hover_animation=&#8220;zoom_in&#8220;][vc_column_text css=&#8220;.vc_custom_1477318276862{padding-top: 15px !important;padding-right: 20px !important;padding-bottom: 20px !important;padding-left: 20px !important;background-color: #f4f4f4 !important;}&#8220;]<\/p>\n<hr \/>\n<p>Hochglanzpoliert[\/vc_column_text][vc_separator type=&#8220;transparent&#8220; up=&#8220;0&#8243; down=&#8220;35&#8243;][\/vc_column_inner][vc_column_inner width=&#8220;1\/2&#8243;][vc_single_image image=&#8220;17077&#8243; img_size=&#8220;full&#8220; alignment=&#8220;center&#8220; onclick=&#8220;link_image&#8220; qode_css_animation=&#8220;element_from_bottom&#8220; qode_hover_animation=&#8220;zoom_in&#8220;][vc_column_text css=&#8220;.vc_custom_1477318282213{padding-top: 15px !important;padding-right: 20px !important;padding-bottom: 20px !important;padding-left: 20px !important;background-color: #f4f4f4 !important;}&#8220;]<\/p>\n<hr \/>\n<p>Marmoriert[\/vc_column_text][vc_separator type=&#8220;transparent&#8220; up=&#8220;0&#8243; down=&#8220;35&#8243;][\/vc_column_inner][\/vc_row_inner][vc_row_inner row_type=&#8220;row&#8220; type=&#8220;full_width&#8220; text_align=&#8220;left&#8220; css_animation=&#8220;&#8220;][vc_column_inner width=&#8220;1\/2&#8243;][vc_single_image image=&#8220;17075&#8243; img_size=&#8220;full&#8220; alignment=&#8220;center&#8220; onclick=&#8220;link_image&#8220; qode_css_animation=&#8220;element_from_bottom&#8220; qode_hover_animation=&#8220;zoom_in&#8220;][vc_column_text css=&#8220;.vc_custom_1477318287204{padding-top: 15px !important;padding-right: 20px !important;padding-bottom: 20px !important;padding-left: 20px !important;background-color: #f4f4f4 !important;}&#8220;]<\/p>\n<hr \/>\n<p>Karo[\/vc_column_text][vc_separator type=&#8220;transparent&#8220; up=&#8220;0&#8243; down=&#8220;35&#8243;][\/vc_column_inner][vc_column_inner width=&#8220;1\/2&#8243;][vc_single_image image=&#8220;17073&#8243; img_size=&#8220;full&#8220; alignment=&#8220;center&#8220; onclick=&#8220;link_image&#8220; qode_css_animation=&#8220;element_from_bottom&#8220; qode_hover_animation=&#8220;zoom_in&#8220;][vc_column_text css=&#8220;.vc_custom_1477318292201{padding-top: 15px !important;padding-right: 20px !important;padding-bottom: 20px !important;padding-left: 20px !important;background-color: #f4f4f4 !important;}&#8220;]<\/p>\n<hr \/>\n<p>Leder[\/vc_column_text][vc_separator type=&#8220;transparent&#8220; up=&#8220;0&#8243; down=&#8220;35&#8243;][\/vc_column_inner][\/vc_row_inner][vc_row_inner row_type=&#8220;row&#8220; type=&#8220;full_width&#8220; text_align=&#8220;left&#8220; css_animation=&#8220;&#8220;][vc_column_inner width=&#8220;1\/2&#8243;][vc_single_image image=&#8220;17074&#8243; img_size=&#8220;full&#8220; alignment=&#8220;center&#8220; onclick=&#8220;link_image&#8220; qode_css_animation=&#8220;element_from_bottom&#8220; qode_hover_animation=&#8220;zoom_in&#8220;][vc_column_text css=&#8220;.vc_custom_1477318297941{padding-top: 15px !important;padding-right: 20px !important;padding-bottom: 20px !important;padding-left: 20px !important;background-color: #f4f4f4 !important;}&#8220;]<\/p>\n<hr \/>\n<p>Leinen[\/vc_column_text][vc_separator type=&#8220;transparent&#8220; up=&#8220;0&#8243; down=&#8220;35&#8243;][\/vc_column_inner][vc_column_inner width=&#8220;1\/2&#8243;][vc_single_image image=&#8220;17080&#8243; img_size=&#8220;full&#8220; alignment=&#8220;center&#8220; onclick=&#8220;link_image&#8220; qode_css_animation=&#8220;element_from_bottom&#8220; qode_hover_animation=&#8220;zoom_in&#8220;][vc_column_text css=&#8220;.vc_custom_1477318303010{padding-top: 15px !important;padding-right: 20px !important;padding-bottom: 20px !important;padding-left: 20px !important;background-color: #f4f4f4 !important;}&#8220;]<\/p>\n<hr \/>\n<p>Raute[\/vc_column_text][vc_separator type=&#8220;transparent&#8220; up=&#8220;0&#8243; down=&#8220;35&#8243;][\/vc_column_inner][\/vc_row_inner][vc_row_inner row_type=&#8220;row&#8220; type=&#8220;full_width&#8220; text_align=&#8220;left&#8220; css_animation=&#8220;&#8220;][vc_column_inner width=&#8220;1\/2&#8243;][vc_single_image image=&#8220;17082&#8243; img_size=&#8220;full&#8220; alignment=&#8220;center&#8220; onclick=&#8220;link_image&#8220; qode_css_animation=&#8220;element_from_bottom&#8220; qode_hover_animation=&#8220;zoom_in&#8220;][vc_column_text css=&#8220;.vc_custom_1477899428168{padding-top: 15px !important;padding-right: 20px !important;padding-bottom: 20px !important;padding-left: 20px !important;background-color: #f4f4f4 !important;}&#8220;]<\/p>\n<hr \/>\n<p>Mandorla[\/vc_column_text][vc_separator type=&#8220;transparent&#8220; up=&#8220;0&#8243; down=&#8220;35&#8243;][\/vc_column_inner][vc_column_inner width=&#8220;1\/2&#8243;][vc_single_image image=&#8220;17076&#8243; img_size=&#8220;full&#8220; alignment=&#8220;center&#8220; onclick=&#8220;link_image&#8220; qode_css_animation=&#8220;element_from_bottom&#8220; qode_hover_animation=&#8220;zoom_in&#8220;][vc_column_text css=&#8220;.vc_custom_1659342352346{padding-top: 15px !important;padding-right: 20px !important;padding-bottom: 20px !important;padding-left: 20px !important;background-color: #f4f4f4 !important;}&#8220;]<\/p>\n<hr \/>\n<p>Geschliffen[\/vc_column_text][vc_separator type=&#8220;transparent&#8220; up=&#8220;0&#8243; down=&#8220;35&#8243;][\/vc_column_inner][\/vc_row_inner][\/vc_column][\/vc_row][vc_row row_type=&#8220;row&#8220; use_row_as_full_screen_section=&#8220;no&#8220; type=&#8220;grid&#8220; anchor=&#8220;gepraegte-edelstahlbleche&#8220; angled_section=&#8220;no&#8220; text_align=&#8220;left&#8220; background_image_as_pattern=&#8220;without_pattern&#8220; background_color=&#8220;#ffffff&#8220; padding_top=&#8220;90&#8243; padding_bottom=&#8220;35&#8243; css_animation=&#8220;&#8220;][vc_column][vc_column_text]<\/p>\n<h2>Gepr\u00e4gte Edelstahlbleche<\/h2>\n<p>[\/vc_column_text][\/vc_column][\/vc_row][vc_row row_type=&#8220;row&#8220; use_row_as_full_screen_section=&#8220;no&#8220; type=&#8220;grid&#8220; angled_section=&#8220;no&#8220; text_align=&#8220;left&#8220; background_image_as_pattern=&#8220;without_pattern&#8220; background_color=&#8220;#ffffff&#8220; padding_top=&#8220;0&#8243; padding_bottom=&#8220;35&#8243; css_animation=&#8220;&#8220; el_class=&#8220;product&#8220;][vc_column width=&#8220;1\/4&#8243;][vc_single_image image=&#8220;15979&#8243; img_size=&#8220;full&#8220; alignment=&#8220;center&#8220; onclick=&#8220;link_image&#8220; qode_css_animation=&#8220;element_from_bottom&#8220; qode_hover_animation=&#8220;zoom_in&#8220;][vc_column_text css=&#8220;.vc_custom_1693915416823{padding-top: 15px !important;padding-right: 20px !important;padding-bottom: 20px !important;padding-left: 20px !important;background-color: #f4f4f4 !important;}&#8220;]<\/p>\n<h2>CS 5<\/h2>\n<hr \/>\n<h5>Oberfl\u00e4chen<\/h5>\n<p>2B \/ 2R \/ geb\u00fcrstet<br \/>\nandere Oberfl\u00e4chen auf Anfrage<\/p>\n<hr \/>\n<h5>Werkstoffe<\/h5>\n<p>1.4301,<br \/>\nandere Werkstoffe auf Anfrage<\/p>\n<hr \/>\n<h5>Formate<\/h5>\n<p>1000 x 2000 mm<br \/>\n1250 x 2500 mm<br \/>\n1500 x 3000 mm<\/p>\n<hr \/>\n<h5>Maximall\u00e4nge<\/h5>\n<p>4000 mm<\/p>\n<hr \/>\n<h5>Materialdicken<\/h5>\n<p>0,5 &#8211; 2,00 mm<br \/>\nd\u00fcnnere Ausf\u00fchrungen auf Anfrage<\/p>\n<hr \/>\n<h5>Einsatzgebiete<\/h5>\n<ul>\n<li>Druckmaschinenbau<\/li>\n<li>Verpackungsmaschinenbau<\/li>\n<li>Ladenbau<\/li>\n<li>Aufzugsbau<\/li>\n<\/ul>\n<p>[\/vc_column_text][vc_separator type=&#8220;transparent&#8220; up=&#8220;0&#8243; down=&#8220;35&#8243;][\/vc_column][vc_column width=&#8220;1\/4&#8243;][vc_single_image image=&#8220;15980&#8243; img_size=&#8220;full&#8220; alignment=&#8220;center&#8220; onclick=&#8220;link_image&#8220; qode_css_animation=&#8220;element_from_bottom&#8220; qode_hover_animation=&#8220;zoom_in&#8220;][vc_column_text css=&#8220;.vc_custom_1693915433377{padding-top: 15px !important;padding-right: 20px !important;padding-bottom: 20px !important;padding-left: 20px !important;background-color: #f4f4f4 !important;}&#8220;]<\/p>\n<h2>CS 6<\/h2>\n<hr \/>\n<h5>Oberfl\u00e4chen<\/h5>\n<p>2B \/ 2R \/ geb\u00fcrstet<br \/>\nandere Oberfl\u00e4chen auf Anfrage<\/p>\n<hr \/>\n<h5>Werkstoffe<\/h5>\n<p>1.4301,<br \/>\nandere Werkstoffe auf Anfrage<\/p>\n<hr \/>\n<h5>Formate<\/h5>\n<p>1000 x 2000 mm<br \/>\n1250 x 2500 mm<br \/>\n1500 x 3000 mm<\/p>\n<hr \/>\n<h5>Maximall\u00e4nge<\/h5>\n<p>4000 mm<\/p>\n<hr \/>\n<h5>Materialdicken<\/h5>\n<p>0,8 &#8211; 2,00 mm<br \/>\nd\u00fcnnere Ausf\u00fchrungen auf Anfrage<\/p>\n<hr \/>\n<h5>Einsatzgebiete<\/h5>\n<ul>\n<li>Druckmaschinenbau<\/li>\n<li>Verpackungsmaschinenbau<\/li>\n<li>Ladenbau<\/li>\n<li>Aufzugsbau<\/li>\n<\/ul>\n<p>[\/vc_column_text][vc_separator type=&#8220;transparent&#8220; up=&#8220;0&#8243; down=&#8220;35&#8243;][\/vc_column][vc_column width=&#8220;1\/4&#8243;][vc_single_image image=&#8220;15981&#8243; img_size=&#8220;full&#8220; alignment=&#8220;center&#8220; onclick=&#8220;link_image&#8220; qode_css_animation=&#8220;element_from_bottom&#8220; qode_hover_animation=&#8220;zoom_in&#8220;][vc_column_text css=&#8220;.vc_custom_1693915438279{padding-top: 15px !important;padding-right: 20px !important;padding-bottom: 20px !important;padding-left: 20px !important;background-color: #f4f4f4 !important;}&#8220;]<\/p>\n<h2>CS 7<\/h2>\n<hr \/>\n<h5>Oberfl\u00e4chen<\/h5>\n<p>2B \/ 2R \/ geb\u00fcrstet<br \/>\nandere Oberfl\u00e4chen auf Anfrage<\/p>\n<hr \/>\n<h5>Werkstoffe<\/h5>\n<p>1.4301,<br \/>\nandere Werkstoffe auf Anfrage<\/p>\n<hr \/>\n<h5>Formate<\/h5>\n<p>1000 x 2000 mm<br \/>\n1250 x 2500 mm<br \/>\n1500 x 3000 mm<\/p>\n<hr \/>\n<h5>Maximall\u00e4nge<\/h5>\n<p>4000 mm<\/p>\n<hr \/>\n<h5>Materialdicken<\/h5>\n<p>0,8 &#8211; 2,00 mm<br \/>\nd\u00fcnnere Ausf\u00fchrungen auf Anfrage<\/p>\n<hr \/>\n<h5>Einsatzgebiete<\/h5>\n<ul>\n<li>Druckmaschinenbau<\/li>\n<li>Verpackungsmaschinenbau<\/li>\n<li>Ladenbau<\/li>\n<li>Aufzugsbau<\/li>\n<\/ul>\n<p>[\/vc_column_text][vc_separator type=&#8220;transparent&#8220; up=&#8220;0&#8243; down=&#8220;35&#8243;][\/vc_column][vc_column width=&#8220;1\/4&#8243;][vc_single_image image=&#8220;15982&#8243; img_size=&#8220;full&#8220; alignment=&#8220;center&#8220; onclick=&#8220;link_image&#8220; qode_css_animation=&#8220;element_from_bottom&#8220; qode_hover_animation=&#8220;zoom_in&#8220;][vc_column_text css=&#8220;.vc_custom_1477656047595{padding-top: 15px !important;padding-right: 20px !important;padding-bottom: 20px !important;padding-left: 20px !important;background-color: #f4f4f4 !important;}&#8220;]<\/p>\n<h2>CS 8<\/h2>\n<hr \/>\n<h5>Oberfl\u00e4chen<\/h5>\n<p>geschliffen<br \/>\nsiehe Edelstahlbleche mit Rutschhemmung<\/p>\n<hr \/>\n<h5>Werkstoffe<\/h5>\n<p>1.4301,<br \/>\nandere Werkstoffe auf Anfrage<\/p>\n<hr \/>\n<h5>Formate<\/h5>\n<p>1000 x 2000 mm<br \/>\n1250 x 2500 mm<br \/>\n1500 x 3000 mm<\/p>\n<hr \/>\n<h5>Maximall\u00e4nge<\/h5>\n<p>4000 mm<\/p>\n<hr \/>\n<h5>Materialdicken<\/h5>\n<p>0,8 &#8211; 2,00 mm<br \/>\nd\u00fcnnere Ausf\u00fchrungen auf Anfrage[\/vc_column_text][vc_separator type=&#8220;transparent&#8220; up=&#8220;0&#8243; down=&#8220;35&#8243;][\/vc_column][\/vc_row][vc_row row_type=&#8220;row&#8220; use_row_as_full_screen_section=&#8220;no&#8220; type=&#8220;grid&#8220; anchor=&#8220;gepraegte-edelstahlbleche-mit-rutschhemmung&#8220; angled_section=&#8220;no&#8220; text_align=&#8220;left&#8220; background_image_as_pattern=&#8220;without_pattern&#8220; background_color=&#8220;#ffffff&#8220; padding_top=&#8220;90&#8243; padding_bottom=&#8220;35&#8243; css_animation=&#8220;&#8220;][vc_column][vc_column_text]<\/p>\n<h2>Gepr\u00e4gte Edelstahlbleche mit Rutschhemmung<\/h2>\n<p>[\/vc_column_text][\/vc_column][\/vc_row][vc_row row_type=&#8220;row&#8220; use_row_as_full_screen_section=&#8220;no&#8220; type=&#8220;grid&#8220; angled_section=&#8220;no&#8220; text_align=&#8220;left&#8220; background_image_as_pattern=&#8220;without_pattern&#8220; background_color=&#8220;#ffffff&#8220; padding_top=&#8220;0&#8243; padding_bottom=&#8220;90&#8243; css_animation=&#8220;&#8220; el_class=&#8220;product&#8220;][vc_column width=&#8220;1\/4&#8243;][vc_single_image image=&#8220;17303&#8243; img_size=&#8220;full&#8220; alignment=&#8220;center&#8220; onclick=&#8220;link_image&#8220; qode_css_animation=&#8220;element_from_bottom&#8220; qode_hover_animation=&#8220;zoom_in&#8220;][vc_column_text css=&#8220;.vc_custom_1726126037830{padding-top: 15px !important;padding-right: 20px !important;padding-bottom: 20px !important;padding-left: 20px !important;background-color: #f4f4f4 !important;}&#8220;]<\/p>\n<h2>CS 5<\/h2>\n<hr \/>\n<h5>Rutschhemmungsklasse<\/h5>\n<p>R11<\/p>\n<hr \/>\n<h5>Oberfl\u00e4chen<\/h5>\n<p>L\u00e4ngsgeschliffen \/ Korn 60 \/ Laserfolie<\/p>\n<hr \/>\n<h5>Werkstoffe<\/h5>\n<p>1.4301,<br \/>\nandere Werkstoffe auf Anfrage<\/p>\n<hr \/>\n<h5>Formate<\/h5>\n<p>1000 x 2000 mm<br \/>\n1250 x 2500 mm<br \/>\n1500 x 3000 mm<\/p>\n<hr \/>\n<h5>Maximall\u00e4nge<\/h5>\n<p>4000 mm<\/p>\n<hr \/>\n<h5>Materialdicken<\/h5>\n<p>0,8 &#8211; 2,00 mm<br \/>\nd\u00fcnnere Ausf\u00fchrungen auf Anfrage<\/p>\n<p>&nbsp;<\/p>\n<hr \/>\n<h5>Einsatzgebiete<\/h5>\n<ul>\n<li>K\u00fchlr\u00e4ume &amp; K\u00fchlzellen<\/li>\n<li>Industrieb\u00f6den<\/li>\n<li>Treppenstufenbel\u00e4ge<\/li>\n<li>allgemeine Bauwesen<\/li>\n<\/ul>\n<p>[\/vc_column_text][vc_separator type=&#8220;transparent&#8220; up=&#8220;0&#8243; down=&#8220;35&#8243;][\/vc_column][vc_column width=&#8220;1\/4&#8243;][vc_single_image image=&#8220;17255&#8243; img_size=&#8220;full&#8220; alignment=&#8220;center&#8220; onclick=&#8220;link_image&#8220; qode_css_animation=&#8220;element_from_bottom&#8220; qode_hover_animation=&#8220;zoom_in&#8220;][vc_column_text css=&#8220;.vc_custom_1697630132749{padding-top: 15px !important;padding-right: 20px !important;padding-bottom: 20px !important;padding-left: 20px !important;background-color: #f4f4f4 !important;}&#8220;]<\/p>\n<h2>CS 8<\/h2>\n<hr \/>\n<h5>Rutschhemmungsklasse<\/h5>\n<p>R10<\/p>\n<hr \/>\n<h5>Verdr\u00e4ngungskoeffizient<\/h5>\n<p>V4<\/p>\n<hr \/>\n<h5>Oberfl\u00e4chen<\/h5>\n<p>L\u00e4ngsgeschliffen \/ Korn 80 \/ Laserfolie<\/p>\n<hr \/>\n<h5>Werkstoffe<\/h5>\n<p>1.4301,<br \/>\nandere Werkstoffe auf Anfrage<\/p>\n<hr \/>\n<h5>Formate<\/h5>\n<p>1000 x 2000 mm<br \/>\n1250 x 2500 mm<br \/>\n1500 x 3000 mm<\/p>\n<hr \/>\n<h5>Maximall\u00e4nge<\/h5>\n<p>4000 mm<\/p>\n<hr \/>\n<h5>Materialdicken<\/h5>\n<p>0,8 &#8211; 2,00 mm<br \/>\nd\u00fcnnere Ausf\u00fchrungen auf Anfrage<\/p>\n<p>&nbsp;<\/p>\n<hr \/>\n<h5>Einsatzgebiete<\/h5>\n<ul>\n<li>K\u00fchlr\u00e4ume &amp; K\u00fchlzellen<\/li>\n<li>Industrieb\u00f6den<\/li>\n<li>Treppenstufenbel\u00e4ge<\/li>\n<li>allgemeine Bauwesen<\/li>\n<\/ul>\n<p>[\/vc_column_text][vc_separator type=&#8220;transparent&#8220; up=&#8220;0&#8243; down=&#8220;35&#8243;][\/vc_column][\/vc_row]<\/p>\n","protected":false},"excerpt":{"rendered":"<p>[vc_row row_type=&#8220;row&#8220; use_row_as_full_screen_section=&#8220;no&#8220; type=&#8220;grid&#8220; angled_section=&#8220;no&#8220; text_align=&#8220;left&#8220; background_image_as_pattern=&#8220;without_pattern&#8220; background_color=&#8220;#ffffff&#8220; padding_top=&#8220;90&#8243; padding_bottom=&#8220;35&#8243; css_animation=&#8220;&#8220;][vc_column][vc_column_text] Edelstahlbleche | Rutschhemmend | Strukturiert | Mustergewalzt | Geschliffen | Gepr\u00e4gt | Dessiniert [\/vc_column_text][\/vc_column][\/vc_row][vc_row row_type=&#8220;row&#8220; use_row_as_full_screen_section=&#8220;no&#8220; type=&#8220;grid&#8220; angled_section=&#8220;no&#8220; text_align=&#8220;left&#8220; background_image_as_pattern=&#8220;without_pattern&#8220; background_color=&#8220;#ffffff&#8220; padding_top=&#8220;0&#8243; padding_bottom=&#8220;35&#8243; css_animation=&#8220;&#8220; el_class=&#8220;product&#8220;][vc_column width=&#8220;1\/2&#8243;][vc_single_image image=&#8220;16407&#8243; img_size=&#8220;full&#8220; alignment=&#8220;center&#8220; qode_css_animation=&#8220;element_from_bottom&#8220;][vc_column_text css=&#8220;.vc_custom_1478618655024{padding-top: 15px !important;padding-right: 20px&#8230;<\/p>\n","protected":false},"author":4,"featured_media":0,"parent":0,"menu_order":0,"comment_status":"open","ping_status":"open","template":"full_width.php","meta":[],"_links":{"self":[{"href":"https:\/\/chromstahl.de\/index.php?rest_route=\/wp\/v2\/pages\/15955"}],"collection":[{"href":"https:\/\/chromstahl.de\/index.php?rest_route=\/wp\/v2\/pages"}],"about":[{"href":"https:\/\/chromstahl.de\/index.php?rest_route=\/wp\/v2\/types\/page"}],"author":[{"embeddable":true,"href":"https:\/\/chromstahl.de\/index.php?rest_route=\/wp\/v2\/users\/4"}],"replies":[{"embeddable":true,"href":"https:\/\/chromstahl.de\/index.php?rest_route=%2Fwp%2Fv2%2Fcomments&post=15955"}],"version-history":[{"count":26,"href":"https:\/\/chromstahl.de\/index.php?rest_route=\/wp\/v2\/pages\/15955\/revisions"}],"predecessor-version":[{"id":17304,"href":"https:\/\/chromstahl.de\/index.php?rest_route=\/wp\/v2\/pages\/15955\/revisions\/17304"}],"wp:attachment":[{"href":"https:\/\/chromstahl.de\/index.php?rest_route=%2Fwp%2Fv2%2Fmedia&parent=15955"}],"curies":[{"name":"wp","href":"https:\/\/api.w.org\/{rel}","templated":true}]}}