{"id":15335,"date":"2014-06-13T09:25:32","date_gmt":"2014-06-13T09:25:32","guid":{"rendered":"http:\/\/demo.qodeinteractive.com\/bridge19\/?page_id=15335"},"modified":"2025-09-22T09:25:15","modified_gmt":"2025-09-22T07:25:15","slug":"das-ist-chromstahl","status":"publish","type":"page","link":"https:\/\/chromstahl.de\/?page_id=15335","title":{"rendered":"Das ist Chromstahl"},"content":{"rendered":"<p>[vc_row row_type=&#8220;row&#8220; use_row_as_full_screen_section=&#8220;no&#8220; type=&#8220;grid&#8220; angled_section=&#8220;no&#8220; text_align=&#8220;left&#8220; background_image_as_pattern=&#8220;without_pattern&#8220; background_color=&#8220;#ffffff&#8220; padding_top=&#8220;90&#8243; padding_bottom=&#8220;100&#8243; css_animation=&#8220;&#8220;][vc_column width=&#8220;2\/3&#8243;][vc_column_text]<\/p>\n<h2>Edelstahlhandel seit 1999<\/h2>\n<p>[\/vc_column_text][vc_separator type=&#8220;transparent&#8220; up=&#8220;0&#8243; down=&#8220;12&#8243;][vc_column_text]<\/p>\n<div id=\"stacks_out_702_page27\" class=\"stacks_out\">\n<div id=\"stacks_in_702_page27\" class=\"stacks_in text_stack\"><span id=\"stacks_in_614_page4\">Zur Jahrtausendwende haben wir mit sieben Mitarbeitern begonnen und sind bis heute kontinuierlich<br \/>\ngewachsen. ChromStahl z\u00e4hlt inzwischen ca. 60 Besch\u00e4ftigte.<\/span><\/div>\n<\/div>\n<p>Um unser Erfolgsrezept machen wir kein Geheimnis: Alle unsere Mitarbeiter sind Profis.<br \/>\nSie kennen sich aus in der Branche und wissen genau, was sie tun.<br \/>\nWer sein Fach beherrscht arbeitet sinnvoll und effektiv. Das gibt uns die Sicherheit, flexibel und termintreu<br \/>\nauf Kundenw\u00fcnsche eingehen zu k\u00f6nnen. Dank der Einsatzbereitschaft unseres Teams bekommen wir auch<br \/>\nAuftragsspitzen gut in den Griff.<\/p>\n<p>Zuverl\u00e4ssigkeit und Qualit\u00e4t werden bei uns gro\u00df geschrieben![\/vc_column_text][vc_separator type=&#8220;small&#8220; position=&#8220;left&#8220; color=&#8220;#ff0000&#8243; thickness=&#8220;2&#8243; up=&#8220;35&#8243;][\/vc_column][vc_column width=&#8220;1\/3&#8243;][vc_single_image image=&#8220;17352&#8243; img_size=&#8220;600&#215;400&#8243; qode_css_animation=&#8220;&#8220;][\/vc_column][\/vc_row][vc_row row_type=&#8220;row&#8220; use_row_as_full_screen_section=&#8220;no&#8220; type=&#8220;grid&#8220; angled_section=&#8220;no&#8220; text_align=&#8220;left&#8220; background_image_as_pattern=&#8220;without_pattern&#8220; background_color=&#8220;#f4f4f4&#8243; padding_top=&#8220;90&#8243; padding_bottom=&#8220;35&#8243; css_animation=&#8220;&#8220;][vc_column width=&#8220;1\/2&#8243;][vc_single_image image=&#8220;16635&#8243; img_size=&#8220;full&#8220; alignment=&#8220;center&#8220; qode_css_animation=&#8220;element_from_left&#8220; transition_delay=&#8220;0.3&#8243;][vc_separator type=&#8220;transparent&#8220; up=&#8220;42&#8243;][\/vc_column][vc_column width=&#8220;1\/2&#8243;][vc_column_text]<\/p>\n<div id=\"stacks_out_704_page27\" class=\"stacks_out\">\n<h2 id=\"stacks_in_704_page27\" class=\"stacks_in text_stack\"><span id=\"stacks_in_705_page27\">Eigene Anarbeitung<\/span><\/h2>\n<\/div>\n<p>[\/vc_column_text][vc_separator type=&#8220;transparent&#8220; up=&#8220;0&#8243; down=&#8220;12&#8243;][vc_column_text]<\/p>\n<div id=\"stacks_out_702_page27\" class=\"stacks_out\">\n<div id=\"stacks_in_702_page27\" class=\"stacks_in text_stack\">An unserem Standort in Garbsen lagern und bearbeiten wir Edelstahlbleche.<\/div>\n<div class=\"stacks_in text_stack\">Die Oberfl\u00e4chenbearbeitung und der Verkauf von Edelstahlblechen ist unser Schwerpunkt. Die neuste Maschinenanschaffung ist unsere Pr\u00e4geanlage mit der wir die M\u00f6glichkeit haben neue innovative Produkte am Markt anzubieten. Mehr dazu finden Sie unter der Rubrik <a title=\"gepr\u00e4gte Edelstahlbleche\" href=\"\/edelstahlprodukte\/#gepraegte-edelstahlbleche\" rel=\"self\">gepr\u00e4gte Edelstahlbleche<\/a><\/div>\n<\/div>\n<p>[\/vc_column_text][vc_separator type=&#8220;small&#8220; position=&#8220;left&#8220; color=&#8220;#ff0000&#8243; thickness=&#8220;2&#8243; up=&#8220;35&#8243; down=&#8220;60&#8243;][\/vc_column][\/vc_row][vc_row row_type=&#8220;row&#8220; use_row_as_full_screen_section=&#8220;no&#8220; type=&#8220;grid&#8220; angled_section=&#8220;no&#8220; text_align=&#8220;left&#8220; background_image_as_pattern=&#8220;without_pattern&#8220; background_color=&#8220;#ffffff&#8220; padding_top=&#8220;90&#8243; padding_bottom=&#8220;35&#8243; css_animation=&#8220;&#8220;][vc_column width=&#8220;1\/2&#8243;][vc_column_text]<\/p>\n<div id=\"stacks_out_746_page27\" class=\"stacks_out\">\n<h2 id=\"stacks_in_746_page27\" class=\"stacks_in text_stack\"><span id=\"stacks_in_747_page27\">Termingerecht &amp; schnell<\/span><\/h2>\n<\/div>\n<p>[\/vc_column_text][vc_separator type=&#8220;transparent&#8220; up=&#8220;0&#8243; down=&#8220;12&#8243;][vc_column_text]Die Lieferungen erledigen unsere Hausspeditionen seit vielen Jahren zuverl\u00e4ssig und termingerecht. Um Engp\u00e4sse zu vermeiden stehen im Nahbereich auch zwei eigene LKW zur Verf\u00fcgung.[\/vc_column_text][vc_separator type=&#8220;small&#8220; position=&#8220;left&#8220; color=&#8220;#ff0000&#8243; thickness=&#8220;2&#8243; up=&#8220;35&#8243; down=&#8220;60&#8243;][\/vc_column][vc_column width=&#8220;1\/2&#8243;][vc_single_image image=&#8220;17363&#8243; img_size=&#8220;full&#8220; alignment=&#8220;center&#8220; qode_css_animation=&#8220;element_from_right&#8220; transition_delay=&#8220;0.6&#8243;][vc_separator type=&#8220;transparent&#8220; up=&#8220;42&#8243;][\/vc_column][\/vc_row][vc_row row_type=&#8220;row&#8220; use_row_as_full_screen_section=&#8220;no&#8220; type=&#8220;grid&#8220; angled_section=&#8220;no&#8220; text_align=&#8220;left&#8220; background_image_as_pattern=&#8220;without_pattern&#8220; background_color=&#8220;#f4f4f4&#8243; padding_top=&#8220;90&#8243; padding_bottom=&#8220;35&#8243; css_animation=&#8220;&#8220;][vc_column width=&#8220;1\/2&#8243;][vc_single_image image=&#8220;16633&#8243; img_size=&#8220;full&#8220; alignment=&#8220;center&#8220; qode_css_animation=&#8220;element_from_left&#8220; transition_delay=&#8220;0.3&#8243;][vc_separator type=&#8220;transparent&#8220; up=&#8220;42&#8243;][\/vc_column][vc_column width=&#8220;1\/2&#8243;][vc_column_text]<\/p>\n<div id=\"stacks_out_820_page27\" class=\"stacks_out\">\n<h2 id=\"stacks_in_820_page27\" class=\"stacks_in text_stack\"><span id=\"stacks_in_823_page27\">ca. 8000 qm Lager &amp; Produktionsfl\u00e4che<\/span><\/h2>\n<\/div>\n<p>[\/vc_column_text][vc_separator type=&#8220;transparent&#8220; up=&#8220;0&#8243; down=&#8220;12&#8243;][vc_column_text]Wir haben die M\u00f6glichkeit, Material in den verschiedensten Abmessungen<br \/>\nund Oberfl\u00e4chen auf \u00fcber 8000 m\u00b2 einzulagern.[\/vc_column_text][vc_separator type=&#8220;small&#8220; position=&#8220;left&#8220; color=&#8220;#ff0000&#8243; thickness=&#8220;2&#8243; up=&#8220;35&#8243; down=&#8220;60&#8243;][\/vc_column][\/vc_row][vc_row row_type=&#8220;row&#8220; use_row_as_full_screen_section=&#8220;no&#8220; type=&#8220;grid&#8220; angled_section=&#8220;no&#8220; text_align=&#8220;left&#8220; background_image_as_pattern=&#8220;without_pattern&#8220; background_color=&#8220;#ffffff&#8220; padding_top=&#8220;90&#8243; padding_bottom=&#8220;35&#8243; css_animation=&#8220;&#8220;][vc_column width=&#8220;1\/2&#8243;][vc_column_text]<\/p>\n<div id=\"stacks_out_829_page27\" class=\"stacks_out\">\n<h2 id=\"stacks_in_829_page27\" class=\"stacks_in text_stack\"><span id=\"stacks_in_830_page27\">Freundlich &amp; zuverl\u00e4ssig<\/span><\/h2>\n<\/div>\n<p>[\/vc_column_text][vc_separator type=&#8220;transparent&#8220; up=&#8220;0&#8243; down=&#8220;12&#8243;][vc_column_text]Wir streben eine verl\u00e4ssliche Partnerschaft mit unseren Kunden an, d.h. Sie werden immer freundlich und kompetent beraten. Wir haben das Ziel, jeden Auftrag, ob gro\u00df oder klein, zur besten Zufriedenheit unserer Kunden zu bearbeiten.[\/vc_column_text][vc_separator type=&#8220;small&#8220; position=&#8220;left&#8220; color=&#8220;#ff0000&#8243; thickness=&#8220;2&#8243; up=&#8220;35&#8243; down=&#8220;60&#8243;][\/vc_column][vc_column width=&#8220;1\/2&#8243;][vc_single_image image=&#8220;17241&#8243; img_size=&#8220;full&#8220; alignment=&#8220;center&#8220; qode_css_animation=&#8220;element_from_right&#8220; transition_delay=&#8220;0.6&#8243;][vc_separator type=&#8220;transparent&#8220; up=&#8220;42&#8243;][\/vc_column][\/vc_row]<\/p>\n","protected":false},"excerpt":{"rendered":"<p>[vc_row row_type=&#8220;row&#8220; use_row_as_full_screen_section=&#8220;no&#8220; type=&#8220;grid&#8220; angled_section=&#8220;no&#8220; text_align=&#8220;left&#8220; background_image_as_pattern=&#8220;without_pattern&#8220; background_color=&#8220;#ffffff&#8220; padding_top=&#8220;90&#8243; padding_bottom=&#8220;100&#8243; css_animation=&#8220;&#8220;][vc_column width=&#8220;2\/3&#8243;][vc_column_text] Edelstahlhandel seit 1999 [\/vc_column_text][vc_separator type=&#8220;transparent&#8220; up=&#8220;0&#8243; down=&#8220;12&#8243;][vc_column_text] Zur Jahrtausendwende haben wir mit sieben Mitarbeitern begonnen und sind bis heute kontinuierlich gewachsen. ChromStahl z\u00e4hlt inzwischen ca. 60 Besch\u00e4ftigte. Um unser Erfolgsrezept machen wir kein&#8230;<\/p>\n","protected":false},"author":4,"featured_media":0,"parent":0,"menu_order":0,"comment_status":"open","ping_status":"open","template":"full_width.php","meta":[],"_links":{"self":[{"href":"https:\/\/chromstahl.de\/index.php?rest_route=\/wp\/v2\/pages\/15335"}],"collection":[{"href":"https:\/\/chromstahl.de\/index.php?rest_route=\/wp\/v2\/pages"}],"about":[{"href":"https:\/\/chromstahl.de\/index.php?rest_route=\/wp\/v2\/types\/page"}],"author":[{"embeddable":true,"href":"https:\/\/chromstahl.de\/index.php?rest_route=\/wp\/v2\/users\/4"}],"replies":[{"embeddable":true,"href":"https:\/\/chromstahl.de\/index.php?rest_route=%2Fwp%2Fv2%2Fcomments&post=15335"}],"version-history":[{"count":12,"href":"https:\/\/chromstahl.de\/index.php?rest_route=\/wp\/v2\/pages\/15335\/revisions"}],"predecessor-version":[{"id":17395,"href":"https:\/\/chromstahl.de\/index.php?rest_route=\/wp\/v2\/pages\/15335\/revisions\/17395"}],"wp:attachment":[{"href":"https:\/\/chromstahl.de\/index.php?rest_route=%2Fwp%2Fv2%2Fmedia&parent=15335"}],"curies":[{"name":"wp","href":"https:\/\/api.w.org\/{rel}","templated":true}]}}