{"id":14869,"date":"2014-05-20T07:51:11","date_gmt":"2014-05-20T07:51:11","guid":{"rendered":"http:\/\/demo.qodeinteractive.com\/bridge19\/?page_id=14869"},"modified":"2022-07-29T13:04:25","modified_gmt":"2022-07-29T11:04:25","slug":"home","status":"publish","type":"page","link":"https:\/\/chromstahl.de\/","title":{"rendered":"Home"},"content":{"rendered":"<p>[vc_row row_type=&#8220;row&#8220; use_row_as_full_screen_section=&#8220;no&#8220; type=&#8220;grid&#8220; angled_section=&#8220;no&#8220; text_align=&#8220;left&#8220; background_image_as_pattern=&#8220;without_pattern&#8220; background_color=&#8220;#ffffff&#8220; padding_top=&#8220;90&#8243; css_animation=&#8220;&#8220;][vc_column][vc_column_text]<\/p>\n<h2>Unabh\u00e4ngig und Leistungsstark<\/h2>\n<p>[\/vc_column_text]<div class=\"custom_font_holder\" style=\"font-family: Lato; font-size: 64px; line-height: 67px; font-style: normal; font-weight: 900; text-decoration: none; text-align: left;\">Wir sind die <span style=\"color: #ff0000;\">Nr. 1<\/span> in Sachen <span style=\"color: #ff0000;\">Edelstahl<\/span><\/div>[vc_separator type=&#8220;small&#8220; position=&#8220;left&#8220; up=&#8220;42&#8243; down=&#8220;42&#8243;][vc_column_text]<\/p>\n<h2>Unsere Edelstahlprodukte<\/h2>\n<p>[\/vc_column_text][vc_separator type=&#8220;transparent&#8220; up=&#8220;19&#8243; down=&#8220;0&#8243;][\/vc_column][\/vc_row][vc_row row_type=&#8220;row&#8220; use_row_as_full_screen_section=&#8220;no&#8220; type=&#8220;grid&#8220; angled_section=&#8220;no&#8220; text_align=&#8220;left&#8220; background_image_as_pattern=&#8220;without_pattern&#8220; background_color=&#8220;#ffffff&#8220; padding_top=&#8220;0&#8243; css_animation=&#8220;&#8220;][vc_column width=&#8220;1\/3&#8243;][vc_single_image image=&#8220;16211&#8243; img_size=&#8220;full&#8220; style=&#8220;vc_box_shadow_3d&#8220; onclick=&#8220;custom_link&#8220; qode_css_animation=&#8220;&#8220; qode_hover_animation=&#8220;zoom_in&#8220; link=&#8220;\/edelstahlprodukte\/#edelstahlbleche&#8220;][vc_separator type=&#8220;transparent&#8220; up=&#8220;12&#8243; down=&#8220;0&#8243;][vc_column_text]<\/p>\n<h2 style=\"text-align: center;\">Geb\u00fcrstet \/ Geschliffen \/ Duplo<\/h2>\n<p>[\/vc_column_text][vc_separator type=&#8220;transparent&#8220; up=&#8220;51&#8243; down=&#8220;0&#8243;][\/vc_column][vc_column width=&#8220;1\/3&#8243;][vc_single_image image=&#8220;16146&#8243; img_size=&#8220;full&#8220; onclick=&#8220;custom_link&#8220; qode_css_animation=&#8220;&#8220; qode_hover_animation=&#8220;zoom_in&#8220; link=&#8220;\/edelstahlprodukte\/#gepraegte-edelstahlbleche&#8220;][vc_separator type=&#8220;transparent&#8220; up=&#8220;12&#8243; down=&#8220;0&#8243;][vc_column_text]<\/p>\n<h2 style=\"text-align: center;\">Gepr\u00e4gt<\/h2>\n<p>[\/vc_column_text][vc_separator type=&#8220;transparent&#8220; up=&#8220;51&#8243; down=&#8220;0&#8243;][\/vc_column][vc_column width=&#8220;1\/3&#8243;][vc_single_image image=&#8220;16147&#8243; img_size=&#8220;full&#8220; onclick=&#8220;custom_link&#8220; qode_css_animation=&#8220;&#8220; qode_hover_animation=&#8220;zoom_in&#8220; link=&#8220;\/edelstahlprodukte\/#edelstahlbleche&#8220;][vc_separator type=&#8220;transparent&#8220; up=&#8220;12&#8243; down=&#8220;0&#8243;][vc_column_text]<\/p>\n<h2 style=\"text-align: center;\">Dessiniert<\/h2>\n<p>[\/vc_column_text][vc_separator type=&#8220;transparent&#8220; up=&#8220;51&#8243; down=&#8220;0&#8243;][\/vc_column][\/vc_row][vc_row row_type=&#8220;row&#8220; use_row_as_full_screen_section=&#8220;no&#8220; type=&#8220;grid&#8220; angled_section=&#8220;no&#8220; text_align=&#8220;left&#8220; background_image_as_pattern=&#8220;without_pattern&#8220; background_color=&#8220;#ffffff&#8220; css_animation=&#8220;&#8220;][vc_column][vc_gallery type=&#8220;flexslider_slide&#8220; interval=&#8220;3&#8243; images=&#8220;15789,15790,16412,16861,16862,16633,16867,16868&#8243; img_size=&#8220;full&#8220; onclick=&#8220;&#8220;][\/vc_column][\/vc_row][vc_row row_type=&#8220;row&#8220; use_row_as_full_screen_section=&#8220;no&#8220; type=&#8220;grid&#8220; angled_section=&#8220;no&#8220; text_align=&#8220;left&#8220; background_image_as_pattern=&#8220;without_pattern&#8220; background_color=&#8220;#ffffff&#8220; padding_top=&#8220;48&#8243; padding_bottom=&#8220;100&#8243; css_animation=&#8220;&#8220;][vc_column width=&#8220;1\/3&#8243;]<div class=\"custom_font_holder\" style=\"font-family: Lato; font-size: 120px; line-height: 120px; font-style: normal; font-weight: 900; color: #161616; text-decoration: none; text-align: left;\">60<\/div>[vc_separator type=&#8220;transparent&#8220; up=&#8220;6&#8243; down=&#8220;0&#8243;][vc_column_text]<\/p>\n<h2>Mitarbeiter<\/h2>\n<p>[\/vc_column_text][vc_separator type=&#8220;transparent&#8220; up=&#8220;6&#8243; down=&#8220;0&#8243;][vc_column_text]Unser gut geschultes Personal wei\u00df was es tut und garantiert einen reibungslosen Ablauf von der Produktion bis hin zum Vertrieb.[\/vc_column_text][vc_separator type=&#8220;transparent&#8220; up=&#8220;60&#8243; down=&#8220;0&#8243;][\/vc_column][vc_column width=&#8220;1\/3&#8243;]<div class=\"custom_font_holder\" style=\"font-family: Lato; font-size: 120px; line-height: 120px; font-style: normal; font-weight: 900; color: #161616; text-decoration: none; text-align: left;\">5500<\/div>[vc_separator type=&#8220;transparent&#8220; up=&#8220;6&#8243; down=&#8220;0&#8243;][vc_column_text]<\/p>\n<h2>m\u00b2 Lagerfl\u00e4che<\/h2>\n<p>[\/vc_column_text][vc_separator type=&#8220;transparent&#8220; up=&#8220;6&#8243; down=&#8220;0&#8243;][vc_column_text]Viel Raum f\u00fcr viel Edelstahl. Unser gro\u00dfes Lager beinhaltet Platz f\u00fcr Material in den verschiedensten Abmessungen und Oberfl\u00e4chen. Kurze Wartezeiten garantiert.[\/vc_column_text][vc_separator type=&#8220;transparent&#8220; up=&#8220;60&#8243; down=&#8220;0&#8243;][\/vc_column][vc_column width=&#8220;1\/3&#8243;]<div class=\"custom_font_holder\" style=\"font-family: Lato; font-size: 120px; line-height: 120px; font-style: normal; font-weight: 900; color: #161616; text-decoration: none; text-align: left;\">100<\/div>[vc_separator type=&#8220;transparent&#8220; up=&#8220;6&#8243; down=&#8220;0&#8243;][vc_column_text]<\/p>\n<h2>Prozent<\/h2>\n<p>[\/vc_column_text][vc_separator type=&#8220;transparent&#8220; up=&#8220;6&#8243; down=&#8220;0&#8243;][vc_column_text]Genauigkeit und Qualit\u00e4t ist unser Anspruch. Dabei ist uns Kundenzufriedenheit genauso wichtig wie auf den mm genau produzierte Bleche.[\/vc_column_text][vc_separator type=&#8220;transparent&#8220; up=&#8220;60&#8243; down=&#8220;0&#8243;][\/vc_column][\/vc_row][vc_row row_type=&#8220;parallax&#8220; parallax_content_width=&#8220;in_grid&#8220; text_align=&#8220;left&#8220; background_image=&#8220;16013&#8243; full_screen_section_height=&#8220;no&#8220; section_height=&#8220;535&#8243;][vc_column][vc_separator type=&#8220;transparent&#8220; up=&#8220;142&#8243;][vc_row_inner row_type=&#8220;row&#8220; type=&#8220;full_width&#8220; text_align=&#8220;center&#8220; css_animation=&#8220;&#8220;][vc_column_inner]<div class=\"q_counter_holder  center\" style=\"\"><span class=\"counter  zero\" style=\"color: #ffffff;font-size: 120px;font-weight: 900;\">896<\/span><\/div>[vc_column_text]<\/p>\n<h2><span style=\"color: #ffffff;\">verschiedene Artikel auf Lager.<br \/>\n<\/span><\/h2>\n<p>[\/vc_column_text][vc_separator type=&#8220;transparent&#8220; up=&#8220;10&#8243;][\/vc_column_inner][\/vc_row_inner][\/vc_column][\/vc_row]<\/p>\n","protected":false},"excerpt":{"rendered":"<p>[vc_row row_type=&#8220;row&#8220; use_row_as_full_screen_section=&#8220;no&#8220; type=&#8220;grid&#8220; angled_section=&#8220;no&#8220; text_align=&#8220;left&#8220; background_image_as_pattern=&#8220;without_pattern&#8220; background_color=&#8220;#ffffff&#8220; padding_top=&#8220;90&#8243; css_animation=&#8220;&#8220;][vc_column][vc_column_text] Unabh\u00e4ngig und Leistungsstark [\/vc_column_text][vc_separator type=&#8220;small&#8220; position=&#8220;left&#8220; up=&#8220;42&#8243; down=&#8220;42&#8243;][vc_column_text] Unsere Edelstahlprodukte [\/vc_column_text][vc_separator type=&#8220;transparent&#8220; up=&#8220;19&#8243; down=&#8220;0&#8243;][\/vc_column][\/vc_row][vc_row row_type=&#8220;row&#8220; use_row_as_full_screen_section=&#8220;no&#8220; type=&#8220;grid&#8220; angled_section=&#8220;no&#8220; text_align=&#8220;left&#8220; background_image_as_pattern=&#8220;without_pattern&#8220; background_color=&#8220;#ffffff&#8220; padding_top=&#8220;0&#8243; css_animation=&#8220;&#8220;][vc_column width=&#8220;1\/3&#8243;][vc_single_image image=&#8220;16211&#8243; img_size=&#8220;full&#8220; style=&#8220;vc_box_shadow_3d&#8220; onclick=&#8220;custom_link&#8220; qode_css_animation=&#8220;&#8220; qode_hover_animation=&#8220;zoom_in&#8220; link=&#8220;\/edelstahlprodukte\/#edelstahlbleche&#8220;][vc_separator type=&#8220;transparent&#8220; up=&#8220;12&#8243; down=&#8220;0&#8243;][vc_column_text] Geb\u00fcrstet&#8230;<\/p>\n","protected":false},"author":4,"featured_media":0,"parent":0,"menu_order":0,"comment_status":"open","ping_status":"open","template":"full_width.php","meta":[],"_links":{"self":[{"href":"https:\/\/chromstahl.de\/index.php?rest_route=\/wp\/v2\/pages\/14869"}],"collection":[{"href":"https:\/\/chromstahl.de\/index.php?rest_route=\/wp\/v2\/pages"}],"about":[{"href":"https:\/\/chromstahl.de\/index.php?rest_route=\/wp\/v2\/types\/page"}],"author":[{"embeddable":true,"href":"https:\/\/chromstahl.de\/index.php?rest_route=\/wp\/v2\/users\/4"}],"replies":[{"embeddable":true,"href":"https:\/\/chromstahl.de\/index.php?rest_route=%2Fwp%2Fv2%2Fcomments&post=14869"}],"version-history":[{"count":1,"href":"https:\/\/chromstahl.de\/index.php?rest_route=\/wp\/v2\/pages\/14869\/revisions"}],"predecessor-version":[{"id":17062,"href":"https:\/\/chromstahl.de\/index.php?rest_route=\/wp\/v2\/pages\/14869\/revisions\/17062"}],"wp:attachment":[{"href":"https:\/\/chromstahl.de\/index.php?rest_route=%2Fwp%2Fv2%2Fmedia&parent=14869"}],"curies":[{"name":"wp","href":"https:\/\/api.w.org\/{rel}","templated":true}]}}